
{"id":1103,"date":"2024-02-15T08:34:43","date_gmt":"2024-02-15T08:34:43","guid":{"rendered":"https:\/\/www.europeancollege.it\/?page_id=1103"},"modified":"2025-10-01T15:59:59","modified_gmt":"2025-10-01T13:59:59","slug":"stage","status":"publish","type":"page","link":"https:\/\/www.europeancollege.it\/fr\/stage\/","title":{"rendered":"Stage"},"content":{"rendered":"<h2 data-start=\"42\" data-end=\"56\"><strong data-start=\"45\" data-end=\"54\">Stage<\/strong><\/h2>\n<p data-start=\"58\" data-end=\"357\">\u00c0 la fin des activit\u00e9s de <strong data-start=\"84\" data-end=\"108\">formation sup\u00e9rieure<\/strong>, pr\u00e9vues par le programme p\u00e9dagogique du <strong>MASE<\/strong>, la <strong data-start=\"163\" data-end=\"202\">Fondation Coll\u00e8ge Europ\u00e9en de Parme<\/strong> propose, \u00e0 ses dipl\u00f4m\u00e9s, des <strong data-start=\"232\" data-end=\"255\">stages de formation<\/strong> au sein d\u2019<strong data-start=\"266\" data-end=\"317\">organismes publics, associations et entreprises<\/strong>, tant au niveau national qu\u2019europ\u00e9en.<\/p>\n<p data-start=\"359\" data-end=\"546\">La <strong data-start=\"362\" data-end=\"402\">r\u00e9alisation du stage est obligatoire<\/strong> pour l\u2019obtention du <strong data-start=\"423\" data-end=\"447\">Master universitaire<\/strong> (de premier ou de deuxi\u00e8me cycle) associ\u00e9 au DASE, en <strong data-start=\"502\" data-end=\"543\">convention avec l\u2019Universit\u00e9 de Parme<\/strong>.<\/p>\n<p data-start=\"548\" data-end=\"721\">Le <strong data-start=\"551\" data-end=\"571\">Coll\u00e8ge Europ\u00e9en<\/strong> est \u00e9galement partenaire de l\u2019agence pour l\u2019emploi <strong data-start=\"623\" data-end=\"638\">SEND Sicilia<\/strong>, promotrice de <strong data-start=\"654\" data-end=\"673\">stages financ\u00e9s<\/strong> via des <strong data-start=\"682\" data-end=\"718\">bourses de mobilit\u00e9 Erasmus Plus<\/strong>.<\/p>\n<p data-start=\"723\" data-end=\"921\">Cette exp\u00e9rience constitue un v\u00e9ritable <strong data-start=\"763\" data-end=\"777\">\u00ab\u00a0tremplin\u00a0\u00bb<\/strong> pour faire ses premiers pas dans la <strong data-start=\"814\" data-end=\"838\">\u00ab bulle europ\u00e9enne \u00bb<\/strong> et commencer \u00e0 construire une <strong data-start=\"869\" data-end=\"918\">carri\u00e8re professionnelle en contexte europ\u00e9en<\/strong>.<\/p>\n<p data-start=\"923\" data-end=\"1173\">Gr\u00e2ce \u00e0 cette opportunit\u00e9, de nombreux \u00e9tudiants du DASE ont pu entrer en contact avec le <strong data-start=\"1013\" data-end=\"1045\">monde du travail \u00e0 Bruxelles<\/strong>, et au-del\u00e0. Le Coll\u00e8ge Europ\u00e9en fournit \u00e9galement un <strong data-start=\"1100\" data-end=\"1134\">soutien direct \u00e0 ses \u00e9tudiants<\/strong> dans la recherche active d\u2019un stage.<\/p>\n<p data-start=\"1175\" data-end=\"1274\">Le cours constitue ainsi un <strong data-start=\"1203\" data-end=\"1225\">excellent tremplin<\/strong> pour un <strong data-start=\"1234\" data-end=\"1271\">insertion professionnelle r\u00e9ussie<\/strong>.<\/p>\n<hr data-start=\"1276\" data-end=\"1279\" \/>\n<h3 data-start=\"1281\" data-end=\"1315\"><strong data-start=\"1285\" data-end=\"1313\">D\u00e9bouch\u00e9s professionnels<\/strong><\/h3>\n<p data-start=\"1317\" data-end=\"1508\">En particulier, le MASE fournit aux \u00e9tudiants les <strong data-start=\"1367\" data-end=\"1389\">outils n\u00e9cessaires<\/strong> pour entreprendre des carri\u00e8res dans des domaines tels que, pour n\u2019en citer que quelques-uns :<br data-start=\"1484\" data-end=\"1487\" \/>[short-stage-cards<\/p>\n","protected":false},"excerpt":{"rendered":"<p>Stage \u00c0 la fin des activit\u00e9s de formation sup\u00e9rieure, pr\u00e9vues par le programme p\u00e9dagogique du MASE, la Fondation Coll\u00e8ge Europ\u00e9en de Parme propose, \u00e0 ses dipl\u00f4m\u00e9s, des stages de formation au sein d\u2019organismes publics, associations et entreprises, tant au niveau national qu\u2019europ\u00e9en. La r\u00e9alisation du stage est obligatoire pour l\u2019obtention du Master universitaire (de premier [&hellip;]<\/p>\n","protected":false},"author":1,"featured_media":0,"parent":0,"menu_order":0,"comment_status":"closed","ping_status":"closed","template":"page-europe.php","meta":{"footnotes":""},"class_list":["post-1103","page","type-page","status-publish","hentry"],"translation":{"provider":"WPGlobus","version":"2.10.10","language":"fr","enabled_languages":["it","en","fr"],"languages":{"it":{"title":true,"content":true,"excerpt":false},"en":{"title":true,"content":true,"excerpt":false},"fr":{"title":true,"content":true,"excerpt":false}}},"acf":[],"_links":{"self":[{"href":"https:\/\/www.europeancollege.it\/fr\/wp-json\/wp\/v2\/pages\/1103","targetHints":{"allow":["GET"]}}],"collection":[{"href":"https:\/\/www.europeancollege.it\/fr\/wp-json\/wp\/v2\/pages"}],"about":[{"href":"https:\/\/www.europeancollege.it\/fr\/wp-json\/wp\/v2\/types\/page"}],"author":[{"embeddable":true,"href":"https:\/\/www.europeancollege.it\/fr\/wp-json\/wp\/v2\/users\/1"}],"replies":[{"embeddable":true,"href":"https:\/\/www.europeancollege.it\/fr\/wp-json\/wp\/v2\/comments?post=1103"}],"version-history":[{"count":4,"href":"https:\/\/www.europeancollege.it\/fr\/wp-json\/wp\/v2\/pages\/1103\/revisions"}],"predecessor-version":[{"id":10420,"href":"https:\/\/www.europeancollege.it\/fr\/wp-json\/wp\/v2\/pages\/1103\/revisions\/10420"}],"wp:attachment":[{"href":"https:\/\/www.europeancollege.it\/fr\/wp-json\/wp\/v2\/media?parent=1103"}],"curies":[{"name":"wp","href":"https:\/\/api.w.org\/{rel}","templated":true}]}}