
{"id":1105,"date":"2024-02-15T08:34:54","date_gmt":"2024-02-15T08:34:54","guid":{"rendered":"https:\/\/www.europeancollege.it\/?page_id=1105"},"modified":"2025-09-22T11:22:45","modified_gmt":"2025-09-22T09:22:45","slug":"students-life","status":"publish","type":"page","link":"https:\/\/www.europeancollege.it\/fr\/students-life\/","title":{"rendered":"La vie \u00e9tudiante"},"content":{"rendered":"<p><strong><span style=\"font-size: 24pt;\">La vie \u00e9tudiante<\/span><\/strong><\/p>\n<p><strong>Parme<\/strong> est une ville \u00ab \u00e0 taille \u00e9tudiante \u00bb, o\u00f9 il est possible de concilier \u00e9tudes, culture et divertissement. Le grand nombre d&rsquo;\u00e9tudiants universitaires pr\u00e9sents \u00e0 Parme rend la vie sociale agr\u00e9able et stimulante, avec de multiples possibilit\u00e9s de loisirs vari\u00e9es.<\/p>\n<p>De plus, la ville respire partout un air de tradition et, en m\u00eame temps, d&rsquo;innovation. L&rsquo;art, la musique, les th\u00e9\u00e2tres et les monuments dominent Parme, qui a \u00e9galement remport\u00e9 le titre de \u00ab <strong>Capitale italienne de la culture 2020\/2021<\/strong> \u00bb.\u202f En outre, un profond sentiment europ\u00e9en transpara\u00eet dans toute la ville, tant pour des raisons historiques et culturelles qu&rsquo;institutionnelles.<\/p>\n<p>En effet, depuis <strong>2004<\/strong>, <strong>l&rsquo;Autorit\u00e9 europ\u00e9enne de s\u00e9curit\u00e9 des aliments (EFSA)<\/strong> y a son si\u00e8ge. C&rsquo;est pr\u00e9cis\u00e9ment le lien \u00e9troit entre la tradition agroalimentaire et l&rsquo;esprit d&rsquo;entreprise qui caract\u00e9risent Parme et ses habitants qui font de la ville une partie int\u00e9grante de la \u00ab <strong>Food Valley<\/strong> \u00bb, terre de charcuterie et de fromages, \u00e0 laquelle appartiennent \u00e9galement <strong>Reggio Emilia<\/strong> et <strong>Mod\u00e8ne<\/strong>.<\/p>\n<p>En effet, la configuration territoriale de la province de Parme, caract\u00e9ris\u00e9e par des centres urbains, des collines et des apennins, permet la production de nombreux produits alimentaires, typiques de la culture culinaire italienne et r\u00e9put\u00e9s m\u00eame au-del\u00e0 des fronti\u00e8res nationales.<\/p>\n<p>De plus, la ville est \u00e9galement reconnue pour son excellence dans le secteur de l&rsquo;industrie hautement sp\u00e9cialis\u00e9e. Ces caract\u00e9ristiques, connues partout, offrent des opportunit\u00e9s d&#8217;emploi prestigieuses dans des entreprises qui op\u00e8rent non seulement au niveau europ\u00e9en, mais aussi \u00e0 l&rsquo;\u00e9chelle mondiale. Enfin, la ville de Parme b\u00e9n\u00e9ficie d&rsquo;une position strat\u00e9gique par rapport aux a\u00e9roports de <strong>Milan<\/strong> et de <strong>Bologne<\/strong>.<\/p>\n","protected":false},"excerpt":{"rendered":"<p>La vie \u00e9tudiante Parme est une ville \u00ab \u00e0 taille \u00e9tudiante \u00bb, o\u00f9 il est possible de concilier \u00e9tudes, culture et divertissement. Le grand nombre d&rsquo;\u00e9tudiants universitaires pr\u00e9sents \u00e0 Parme rend la vie sociale agr\u00e9able et stimulante, avec de multiples possibilit\u00e9s de loisirs vari\u00e9es. De plus, la ville respire partout un air de tradition et, [&hellip;]<\/p>\n","protected":false},"author":1,"featured_media":0,"parent":0,"menu_order":0,"comment_status":"closed","ping_status":"closed","template":"page-europe.php","meta":{"footnotes":""},"class_list":["post-1105","page","type-page","status-publish","hentry"],"translation":{"provider":"WPGlobus","version":"2.10.10","language":"fr","enabled_languages":["it","en","fr"],"languages":{"it":{"title":true,"content":true,"excerpt":false},"en":{"title":false,"content":true,"excerpt":false},"fr":{"title":true,"content":true,"excerpt":false}}},"acf":[],"_links":{"self":[{"href":"https:\/\/www.europeancollege.it\/fr\/wp-json\/wp\/v2\/pages\/1105","targetHints":{"allow":["GET"]}}],"collection":[{"href":"https:\/\/www.europeancollege.it\/fr\/wp-json\/wp\/v2\/pages"}],"about":[{"href":"https:\/\/www.europeancollege.it\/fr\/wp-json\/wp\/v2\/types\/page"}],"author":[{"embeddable":true,"href":"https:\/\/www.europeancollege.it\/fr\/wp-json\/wp\/v2\/users\/1"}],"replies":[{"embeddable":true,"href":"https:\/\/www.europeancollege.it\/fr\/wp-json\/wp\/v2\/comments?post=1105"}],"version-history":[{"count":3,"href":"https:\/\/www.europeancollege.it\/fr\/wp-json\/wp\/v2\/pages\/1105\/revisions"}],"predecessor-version":[{"id":10345,"href":"https:\/\/www.europeancollege.it\/fr\/wp-json\/wp\/v2\/pages\/1105\/revisions\/10345"}],"wp:attachment":[{"href":"https:\/\/www.europeancollege.it\/fr\/wp-json\/wp\/v2\/media?parent=1105"}],"curies":[{"name":"wp","href":"https:\/\/api.w.org\/{rel}","templated":true}]}}