
{"id":1119,"date":"2024-02-15T09:44:22","date_gmt":"2024-02-15T09:44:22","guid":{"rendered":"https:\/\/www.europeancollege.it\/?page_id=1119"},"modified":"2025-09-18T11:58:34","modified_gmt":"2025-09-18T09:58:34","slug":"centro-di-documentazione-europea","status":"publish","type":"page","link":"https:\/\/www.europeancollege.it\/fr\/altre-attivita\/centro-di-documentazione-europea\/","title":{"rendered":"Centre de Documentation Europ\u00e9enne"},"content":{"rendered":"<h2 data-start=\"55\" data-end=\"98\"><span style=\"font-size: 24pt;\"><strong data-start=\"58\" data-end=\"96\">Centre de Documentation Europ\u00e9enne<\/strong><\/span><\/h2>\n<p data-start=\"100\" data-end=\"217\">La <strong data-start=\"103\" data-end=\"142\">Fondation Coll\u00e8ge Europ\u00e9en de Parme<\/strong> fait partie du r\u00e9seau des <strong data-start=\"169\" data-end=\"214\">Centres de Documentation Europ\u00e9enne (CDE)<\/strong>.<\/p>\n<p data-start=\"219\" data-end=\"517\">Les <strong data-start=\"223\" data-end=\"268\">Centres de Documentation Europ\u00e9enne (CDE)<\/strong> sont des organismes cr\u00e9\u00e9s en <strong data-start=\"298\" data-end=\"335\">1963 par la Commission europ\u00e9enne<\/strong> et repr\u00e9sentent de v\u00e9ritables points de r\u00e9f\u00e9rence pour tous ceux qui souhaitent comprendre et approfondir les dynamiques, les politiques et les institutions de l\u2019Union europ\u00e9enne.<\/p>\n<p data-start=\"519\" data-end=\"557\">[<strong data-start=\"520\" data-end=\"554\">Lire notre derni\u00e8re Newsletter<\/strong>]<\/p>\n<hr data-start=\"559\" data-end=\"562\" \/>\n<p data-start=\"564\" data-end=\"647\">Ces centres offrent une <strong data-start=\"588\" data-end=\"632\">large gamme de services et de ressources<\/strong>, notamment :<\/p>\n<ul data-start=\"649\" data-end=\"1797\">\n<li data-start=\"649\" data-end=\"852\">\n<p data-start=\"651\" data-end=\"852\"><strong data-start=\"651\" data-end=\"694\">Documentation et mat\u00e9riel d\u2019information<\/strong> : ils donnent acc\u00e8s \u00e0 un vaste ensemble de documents officiels de l\u2019UE, tels que trait\u00e9s, directives, r\u00e8glements, rapports institutionnels et publications.<\/p>\n<\/li>\n<li data-start=\"853\" data-end=\"981\">\n<p data-start=\"855\" data-end=\"981\"><strong data-start=\"855\" data-end=\"884\">\u00c9v\u00e9nements et conf\u00e9rences<\/strong> : sur des sujets li\u00e9s \u00e0 l\u2019UE, impliquant experts, universitaires et professionnels du secteur.<\/p>\n<\/li>\n<li data-start=\"982\" data-end=\"1207\">\n<p data-start=\"984\" data-end=\"1207\"><strong data-start=\"984\" data-end=\"1037\">Soutien \u00e0 la recherche et \u00e0 l\u2019analyse approfondie<\/strong> : les op\u00e9rateurs des CDE peuvent guider dans les recherches bibliographiques, l\u2019acc\u00e8s aux ressources num\u00e9riques et la consultation de sources primaires et secondaires.<\/p>\n<\/li>\n<li data-start=\"1208\" data-end=\"1481\">\n<p data-start=\"1210\" data-end=\"1481\"><strong data-start=\"1210\" data-end=\"1274\">Formation et \u00e9ducation \u00e0 la citoyennet\u00e9 europ\u00e9enne et active<\/strong> : \u00e0 travers des sessions de formation, ateliers et activit\u00e9s \u00e9ducatives destin\u00e9es aux \u00e9tudiants de tous niveaux scolaires, favorisant la participation et l\u2019implication active des citoyens au sein de l\u2019UE.<\/p>\n<\/li>\n<li data-start=\"1482\" data-end=\"1797\">\n<p data-start=\"1484\" data-end=\"1797\"><strong data-start=\"1484\" data-end=\"1526\">Promotion de la citoyennet\u00e9 europ\u00e9enne<\/strong> : encouragement au dialogue interculturel, \u00e0 l\u2019\u00e9change d\u2019id\u00e9es et \u00e0 la participation d\u00e9mocratique. Par des activit\u00e9s de sensibilisation et de diffusion, les CDE contribuent \u00e0 renforcer le sentiment d\u2019appartenance et l\u2019identit\u00e9 europ\u00e9enne des citoyens des pays membres.<\/p>\n<\/li>\n<\/ul>\n","protected":false},"excerpt":{"rendered":"<p>Centre de Documentation Europ\u00e9enne La Fondation Coll\u00e8ge Europ\u00e9en de Parme fait partie du r\u00e9seau des Centres de Documentation Europ\u00e9enne (CDE). Les Centres de Documentation Europ\u00e9enne (CDE) sont des organismes cr\u00e9\u00e9s en 1963 par la Commission europ\u00e9enne et repr\u00e9sentent de v\u00e9ritables points de r\u00e9f\u00e9rence pour tous ceux qui souhaitent comprendre et approfondir les dynamiques, les politiques [&hellip;]<\/p>\n","protected":false},"author":1,"featured_media":0,"parent":22,"menu_order":0,"comment_status":"closed","ping_status":"closed","template":"page-altre-attivita.php","meta":{"footnotes":""},"class_list":["post-1119","page","type-page","status-publish","hentry"],"translation":{"provider":"WPGlobus","version":"2.10.10","language":"fr","enabled_languages":["it","en","fr"],"languages":{"it":{"title":true,"content":true,"excerpt":false},"en":{"title":true,"content":true,"excerpt":false},"fr":{"title":true,"content":true,"excerpt":false}}},"acf":[],"_links":{"self":[{"href":"https:\/\/www.europeancollege.it\/fr\/wp-json\/wp\/v2\/pages\/1119","targetHints":{"allow":["GET"]}}],"collection":[{"href":"https:\/\/www.europeancollege.it\/fr\/wp-json\/wp\/v2\/pages"}],"about":[{"href":"https:\/\/www.europeancollege.it\/fr\/wp-json\/wp\/v2\/types\/page"}],"author":[{"embeddable":true,"href":"https:\/\/www.europeancollege.it\/fr\/wp-json\/wp\/v2\/users\/1"}],"replies":[{"embeddable":true,"href":"https:\/\/www.europeancollege.it\/fr\/wp-json\/wp\/v2\/comments?post=1119"}],"version-history":[{"count":3,"href":"https:\/\/www.europeancollege.it\/fr\/wp-json\/wp\/v2\/pages\/1119\/revisions"}],"predecessor-version":[{"id":10298,"href":"https:\/\/www.europeancollege.it\/fr\/wp-json\/wp\/v2\/pages\/1119\/revisions\/10298"}],"up":[{"embeddable":true,"href":"https:\/\/www.europeancollege.it\/fr\/wp-json\/wp\/v2\/pages\/22"}],"wp:attachment":[{"href":"https:\/\/www.europeancollege.it\/fr\/wp-json\/wp\/v2\/media?parent=1119"}],"curies":[{"name":"wp","href":"https:\/\/api.w.org\/{rel}","templated":true}]}}