
{"id":1121,"date":"2024-02-15T09:44:30","date_gmt":"2024-02-15T09:44:30","guid":{"rendered":"https:\/\/www.europeancollege.it\/?page_id=1121"},"modified":"2025-09-18T12:13:46","modified_gmt":"2025-09-18T10:13:46","slug":"corsi-per-la-pubblica-amministrazione","status":"publish","type":"page","link":"https:\/\/www.europeancollege.it\/fr\/altre-attivita\/corsi-per-la-pubblica-amministrazione\/","title":{"rendered":"Cours pour la Fonction publique"},"content":{"rendered":"<h2 data-start=\"55\" data-end=\"95\"><span style=\"font-size: 24pt;\"><strong data-start=\"58\" data-end=\"93\">Cours pour la Fonction publique<\/strong><\/span><\/h2>\n<p data-start=\"97\" data-end=\"497\">La <strong data-start=\"100\" data-end=\"139\">Fondation Coll\u00e8ge Europ\u00e9en de Parme<\/strong> organise des <strong data-start=\"153\" data-end=\"187\">cours de formation sp\u00e9cialis\u00e9s<\/strong>, con\u00e7us sur mesure, <strong data-start=\"208\" data-end=\"237\">en pr\u00e9sentiel et en ligne<\/strong>, destin\u00e9s aux <strong data-start=\"252\" data-end=\"304\">fonctionnaires et cadres de la fonction publique<\/strong> et\/ou du <strong data-start=\"314\" data-end=\"331\">secteur priv\u00e9<\/strong> souhaitant approfondir leurs connaissances et comp\u00e9tences sur le fonctionnement de l\u2019Union europ\u00e9enne, sa structure institutionnelle et ses principales politiques.<\/p>\n<p data-start=\"499\" data-end=\"872\">Ces cours permettent \u00e9galement de d\u00e9couvrir les <strong data-start=\"547\" data-end=\"623\">opportunit\u00e9s offertes par la nouvelle programmation europ\u00e9enne 2021-2027<\/strong> et le <strong data-start=\"630\" data-end=\"657\">plan Next Generation EU<\/strong>, afin de d\u00e9velopper des propositions \u00e9ligibles aux programmes de financement europ\u00e9ens et d\u2019acqu\u00e9rir des comp\u00e9tences pratiques dans les <strong data-start=\"794\" data-end=\"847\">phases de planification, de suivi et d\u2019\u00e9valuation<\/strong> des projets europ\u00e9ens.<\/p>\n<p data-start=\"874\" data-end=\"1248\">Les cours sont confi\u00e9s \u00e0 des \u00e9quipes d\u2019enseignants poss\u00e9dant un <strong data-start=\"938\" data-end=\"990\">large \u00e9ventail de connaissances et d\u2019exp\u00e9riences<\/strong> d\u00e9velopp\u00e9es dans diff\u00e9rents domaines d\u2019activit\u00e9, avec au moins <strong data-start=\"1054\" data-end=\"1078\">dix ans d\u2019exp\u00e9rience<\/strong>. Les cours sont donc dispens\u00e9s par <strong data-start=\"1114\" data-end=\"1245\">des consultants experts, des chefs de projet, des fonctionnaires des institutions europ\u00e9ennes et des professeurs universitaires<\/strong>.<\/p>\n<hr data-start=\"1250\" data-end=\"1253\" \/>\n<h3 data-start=\"1255\" data-end=\"1272\"><strong data-start=\"1259\" data-end=\"1270\">Clients<\/strong><\/h3>\n<p data-start=\"1274\" data-end=\"1382\">Les clients avec lesquels la Fondation Coll\u00e8ge Europ\u00e9en de Parme a collabor\u00e9 \u00e0 ce jour sont les suivants :<\/p>\n<p>&nbsp;<\/p>\n<div class=\"logo-list\">\n<div class=\"logo-list__item\"><img loading=\"lazy\" decoding=\"async\" class=\"alignnone size-full wp-image-2317\" src=\"https:\/\/www.europeancollege.it\/wp-content\/uploads\/2024\/02\/comuni-di-parma.png\" alt=\"\" width=\"163\" height=\"96\" \/><\/div>\n<div class=\"logo-list__item\"><img loading=\"lazy\" decoding=\"async\" class=\"alignnone size-medium wp-image-2318\" src=\"https:\/\/www.europeancollege.it\/wp-content\/uploads\/2024\/02\/ita.png\" alt=\"\" width=\"210\" height=\"94\" \/><\/div>\n<div class=\"logo-list__item\"><img loading=\"lazy\" decoding=\"async\" class=\"alignnone size-medium wp-image-2319\" src=\"https:\/\/www.europeancollege.it\/wp-content\/uploads\/2024\/02\/croce-rossa.png\" alt=\"\" width=\"114\" height=\"114\" \/><\/div>\n<div class=\"logo-list__item\"><img loading=\"lazy\" decoding=\"async\" class=\"alignnone size-medium wp-image-2326\" src=\"https:\/\/www.europeancollege.it\/wp-content\/uploads\/2024\/02\/sna.png\" alt=\"\" width=\"218\" height=\"28\" \/><\/div>\n<div class=\"logo-list__item\"><img loading=\"lazy\" decoding=\"async\" class=\"alignnone size-medium wp-image-2327\" src=\"https:\/\/www.europeancollege.it\/wp-content\/uploads\/2024\/02\/universita-di-parma.png\" alt=\"\" width=\"198\" height=\"76\" \/><\/div>\n<div class=\"logo-list__item\"><img loading=\"lazy\" decoding=\"async\" class=\"alignnone size-medium wp-image-2324\" src=\"https:\/\/www.europeancollege.it\/wp-content\/uploads\/2024\/02\/rigione-emmilia.png\" alt=\"\" width=\"218\" height=\"32\" \/><\/div>\n<div class=\"logo-list__item\"><img loading=\"lazy\" decoding=\"async\" class=\"alignnone size-medium wp-image-2321\" src=\"https:\/\/www.europeancollege.it\/wp-content\/uploads\/2024\/02\/informest.png\" alt=\"\" width=\"218\" height=\"68\" \/><\/div>\n<div class=\"logo-list__item\"><img loading=\"lazy\" decoding=\"async\" class=\"alignnone size-full wp-image-2853\" src=\"https:\/\/www.europeancollege.it\/wp-content\/uploads\/2024\/03\/regione-autonome.png\" alt=\"\" width=\"218\" height=\"46\" \/><\/div>\n<\/div>\n<p>Entreprises et organismes de formation professionnelle agr\u00e9\u00e9s (\u00e0 titre d\u2019exemple : <strong data-start=\"129\" data-end=\"238\">Cisita Parma, ISMO srl, I.E.F.C.A. \u2013 Institut Europ\u00e9en de Formation, Coop\u00e9ration et Analyse Bio\u00e9conomique<\/strong>).<\/p>\n","protected":false},"excerpt":{"rendered":"<p>Cours pour la Fonction publique La Fondation Coll\u00e8ge Europ\u00e9en de Parme organise des cours de formation sp\u00e9cialis\u00e9s, con\u00e7us sur mesure, en pr\u00e9sentiel et en ligne, destin\u00e9s aux fonctionnaires et cadres de la fonction publique et\/ou du secteur priv\u00e9 souhaitant approfondir leurs connaissances et comp\u00e9tences sur le fonctionnement de l\u2019Union europ\u00e9enne, sa structure institutionnelle et ses [&hellip;]<\/p>\n","protected":false},"author":1,"featured_media":0,"parent":22,"menu_order":0,"comment_status":"closed","ping_status":"closed","template":"page-altre-attivita.php","meta":{"footnotes":""},"class_list":["post-1121","page","type-page","status-publish","hentry"],"translation":{"provider":"WPGlobus","version":"2.10.10","language":"fr","enabled_languages":["it","en","fr"],"languages":{"it":{"title":true,"content":true,"excerpt":false},"en":{"title":true,"content":true,"excerpt":false},"fr":{"title":true,"content":true,"excerpt":false}}},"acf":[],"_links":{"self":[{"href":"https:\/\/www.europeancollege.it\/fr\/wp-json\/wp\/v2\/pages\/1121","targetHints":{"allow":["GET"]}}],"collection":[{"href":"https:\/\/www.europeancollege.it\/fr\/wp-json\/wp\/v2\/pages"}],"about":[{"href":"https:\/\/www.europeancollege.it\/fr\/wp-json\/wp\/v2\/types\/page"}],"author":[{"embeddable":true,"href":"https:\/\/www.europeancollege.it\/fr\/wp-json\/wp\/v2\/users\/1"}],"replies":[{"embeddable":true,"href":"https:\/\/www.europeancollege.it\/fr\/wp-json\/wp\/v2\/comments?post=1121"}],"version-history":[{"count":3,"href":"https:\/\/www.europeancollege.it\/fr\/wp-json\/wp\/v2\/pages\/1121\/revisions"}],"predecessor-version":[{"id":10304,"href":"https:\/\/www.europeancollege.it\/fr\/wp-json\/wp\/v2\/pages\/1121\/revisions\/10304"}],"up":[{"embeddable":true,"href":"https:\/\/www.europeancollege.it\/fr\/wp-json\/wp\/v2\/pages\/22"}],"wp:attachment":[{"href":"https:\/\/www.europeancollege.it\/fr\/wp-json\/wp\/v2\/media?parent=1121"}],"curies":[{"name":"wp","href":"https:\/\/api.w.org\/{rel}","templated":true}]}}