
{"id":20,"date":"2024-02-02T11:05:03","date_gmt":"2024-02-02T11:05:03","guid":{"rendered":"https:\/\/www.europeancollege.it\/?page_id=20"},"modified":"2026-02-20T12:14:56","modified_gmt":"2026-02-20T11:14:56","slug":"master","status":"publish","type":"page","link":"https:\/\/www.europeancollege.it\/fr\/master\/","title":{"rendered":"Nos Mast\u00e8res"},"content":{"rendered":"<p>La <strong>Fondation Coll\u00e8ge Europ\u00e9en de Parme<\/strong>, en collaboration avec l\u2019<strong>Universit\u00e9 de Parme<\/strong>, organise des mast\u00e8res qui, \u00e0 travers des cours enti\u00e8rement en ligne, des t\u00e9moignages, des projets pratiques et des stages optionnels, vous permettront d\u2019intervenir directement dans la fonction publique et\/ou dans le domaine de la conception de projets europ\u00e9ens.<\/p>\n<p>Nos Mast\u00e8res s\u2019adressent aux e<strong>mploy\u00e9s des collectivit\u00e9s locales<\/strong>, aux <strong>managers et consultants<\/strong>, mais \u00e9galement aux jeunes dipl\u00f4m\u00e9s et \u00e0 tous ceux qui souhaitent \u00e9largir leurs connaissances et comp\u00e9tences dans le domaine du management de la fonction publique et de la conception de projets europ\u00e9ens.<\/p>\n","protected":false},"excerpt":{"rendered":"<p>La Fondation Coll\u00e8ge Europ\u00e9en de Parme, en collaboration avec l\u2019Universit\u00e9 de Parme, organise des mast\u00e8res qui, \u00e0 travers des cours enti\u00e8rement en ligne, des t\u00e9moignages, des projets pratiques et des stages optionnels, vous permettront d\u2019intervenir directement dans la fonction publique et\/ou dans le domaine de la conception de projets europ\u00e9ens. Nos Mast\u00e8res s\u2019adressent aux employ\u00e9s [&hellip;]<\/p>\n","protected":false},"author":1,"featured_media":0,"parent":0,"menu_order":0,"comment_status":"closed","ping_status":"closed","template":"","meta":{"footnotes":""},"class_list":["post-20","page","type-page","status-publish","hentry"],"translation":{"provider":"WPGlobus","version":"2.10.10","language":"fr","enabled_languages":["it","en","fr"],"languages":{"it":{"title":true,"content":true,"excerpt":false},"en":{"title":true,"content":true,"excerpt":false},"fr":{"title":true,"content":true,"excerpt":false}}},"acf":[],"_links":{"self":[{"href":"https:\/\/www.europeancollege.it\/fr\/wp-json\/wp\/v2\/pages\/20","targetHints":{"allow":["GET"]}}],"collection":[{"href":"https:\/\/www.europeancollege.it\/fr\/wp-json\/wp\/v2\/pages"}],"about":[{"href":"https:\/\/www.europeancollege.it\/fr\/wp-json\/wp\/v2\/types\/page"}],"author":[{"embeddable":true,"href":"https:\/\/www.europeancollege.it\/fr\/wp-json\/wp\/v2\/users\/1"}],"replies":[{"embeddable":true,"href":"https:\/\/www.europeancollege.it\/fr\/wp-json\/wp\/v2\/comments?post=20"}],"version-history":[{"count":3,"href":"https:\/\/www.europeancollege.it\/fr\/wp-json\/wp\/v2\/pages\/20\/revisions"}],"predecessor-version":[{"id":10709,"href":"https:\/\/www.europeancollege.it\/fr\/wp-json\/wp\/v2\/pages\/20\/revisions\/10709"}],"wp:attachment":[{"href":"https:\/\/www.europeancollege.it\/fr\/wp-json\/wp\/v2\/media?parent=20"}],"curies":[{"name":"wp","href":"https:\/\/api.w.org\/{rel}","templated":true}]}}