
{"id":22,"date":"2024-02-02T11:05:11","date_gmt":"2024-02-02T11:05:11","guid":{"rendered":"https:\/\/www.europeancollege.it\/?page_id=22"},"modified":"2025-09-18T12:16:20","modified_gmt":"2025-09-18T10:16:20","slug":"altre-attivita","status":"publish","type":"page","link":"https:\/\/www.europeancollege.it\/fr\/altre-attivita\/","title":{"rendered":"Autres Activit\u00e9s"},"content":{"rendered":"<p data-start=\"68\" data-end=\"306\"><span style=\"font-size: 24pt;\"><strong data-start=\"68\" data-end=\"93\">Formation sp\u00e9cialis\u00e9e<\/strong><\/span><\/p>\n<p data-start=\"68\" data-end=\"306\">La Fondation Coll\u00e8ge Europ\u00e9en de Parme organise des cours de formation sp\u00e9cialis\u00e9e (en ligne ou en pr\u00e9sentiel) destin\u00e9s aux fonctionnaires et aux cadres de l\u2019Administration Publique ainsi qu\u2019au secteur priv\u00e9.<\/p>\n<p data-start=\"308\" data-end=\"505\">Les cours sont dispens\u00e9s par des consultants, des chefs de projet, des fonctionnaires des Institutions europ\u00e9ennes et des enseignants universitaires disposant d\u2019une exp\u00e9rience de plus de dix ans.<\/p>\n<p data-start=\"308\" data-end=\"505\"><strong><span style=\"font-size: 18pt;\">Nous avons travaill\u00e9 avec<\/span><\/strong><\/p>\n<div class=\"logo-list__item\"><img loading=\"lazy\" decoding=\"async\" class=\"alignnone size-full wp-image-2317\" src=\"https:\/\/www.europeancollege.it\/wp-content\/uploads\/2024\/02\/comuni-di-parma.png\" alt=\"\" width=\"163\" height=\"96\" \/><\/div>\n<div class=\"logo-list__item\"><img loading=\"lazy\" decoding=\"async\" class=\"alignnone size-medium wp-image-2318\" src=\"https:\/\/www.europeancollege.it\/wp-content\/uploads\/2024\/02\/crisitta.png\" alt=\"\" width=\"210\" height=\"94\" \/><\/div>\n<div class=\"logo-list__item\"><img loading=\"lazy\" decoding=\"async\" class=\"alignnone size-medium wp-image-2319\" src=\"https:\/\/www.europeancollege.it\/wp-content\/uploads\/2024\/02\/croce-rossa.png\" alt=\"\" width=\"114\" height=\"114\" \/><\/div>\n<div class=\"logo-list__item\"><img loading=\"lazy\" decoding=\"async\" class=\"alignnone size-medium wp-image-2320\" src=\"https:\/\/www.europeancollege.it\/wp-content\/uploads\/2024\/02\/efca.png\" alt=\"\" width=\"104\" height=\"102\" \/><\/div>\n<div class=\"logo-list__item\"><img loading=\"lazy\" decoding=\"async\" class=\"alignnone size-medium wp-image-2321\" src=\"https:\/\/www.europeancollege.it\/wp-content\/uploads\/2024\/02\/informest.png\" alt=\"\" width=\"218\" height=\"68\" \/><\/div>\n<div class=\"logo-list__item\"><img loading=\"lazy\" decoding=\"async\" class=\"alignnone size-medium wp-image-2322\" src=\"https:\/\/www.europeancollege.it\/wp-content\/uploads\/2024\/02\/ita.png\" alt=\"\" width=\"140\" height=\"72\" \/><\/div>\n<div class=\"logo-list__item\"><img loading=\"lazy\" decoding=\"async\" class=\"alignnone size-medium wp-image-2323\" src=\"https:\/\/www.europeancollege.it\/wp-content\/uploads\/2024\/02\/Logo-regione-Friuli.png\" alt=\"\" width=\"218\" height=\"46\" \/><\/div>\n<div class=\"logo-list__item\"><img loading=\"lazy\" decoding=\"async\" class=\"alignnone size-medium wp-image-2324\" src=\"https:\/\/www.europeancollege.it\/wp-content\/uploads\/2024\/02\/rigione-emmilia.png\" alt=\"\" width=\"218\" height=\"32\" \/><\/div>\n<div class=\"logo-list__item\"><img loading=\"lazy\" decoding=\"async\" class=\"alignnone size-medium wp-image-2325\" src=\"https:\/\/www.europeancollege.it\/wp-content\/uploads\/2024\/02\/smg.png\" alt=\"\" width=\"176\" height=\"70\" \/><\/div>\n<div class=\"logo-list__item\"><img loading=\"lazy\" decoding=\"async\" class=\"alignnone size-medium wp-image-2326\" src=\"https:\/\/www.europeancollege.it\/wp-content\/uploads\/2024\/02\/sna.png\" alt=\"\" width=\"218\" height=\"28\" \/><\/div>\n<div class=\"logo-list__item\"><img loading=\"lazy\" decoding=\"async\" class=\"alignnone size-medium wp-image-2327\" src=\"https:\/\/www.europeancollege.it\/wp-content\/uploads\/2024\/02\/universita-di-parma.png\" alt=\"\" width=\"198\" height=\"76\" \/><\/div>\n","protected":false},"excerpt":{"rendered":"<p>Formation sp\u00e9cialis\u00e9e La Fondation Coll\u00e8ge Europ\u00e9en de Parme organise des cours de formation sp\u00e9cialis\u00e9e (en ligne ou en pr\u00e9sentiel) destin\u00e9s aux fonctionnaires et aux cadres de l\u2019Administration Publique ainsi qu\u2019au secteur priv\u00e9. Les cours sont dispens\u00e9s par des consultants, des chefs de projet, des fonctionnaires des Institutions europ\u00e9ennes et des enseignants universitaires disposant d\u2019une exp\u00e9rience [&hellip;]<\/p>\n","protected":false},"author":1,"featured_media":0,"parent":0,"menu_order":0,"comment_status":"closed","ping_status":"closed","template":"page-altre-attivita.php","meta":{"footnotes":""},"class_list":["post-22","page","type-page","status-publish","hentry"],"translation":{"provider":"WPGlobus","version":"2.10.10","language":"fr","enabled_languages":["it","en","fr"],"languages":{"it":{"title":true,"content":true,"excerpt":false},"en":{"title":true,"content":true,"excerpt":false},"fr":{"title":true,"content":true,"excerpt":false}}},"acf":[],"_links":{"self":[{"href":"https:\/\/www.europeancollege.it\/fr\/wp-json\/wp\/v2\/pages\/22","targetHints":{"allow":["GET"]}}],"collection":[{"href":"https:\/\/www.europeancollege.it\/fr\/wp-json\/wp\/v2\/pages"}],"about":[{"href":"https:\/\/www.europeancollege.it\/fr\/wp-json\/wp\/v2\/types\/page"}],"author":[{"embeddable":true,"href":"https:\/\/www.europeancollege.it\/fr\/wp-json\/wp\/v2\/users\/1"}],"replies":[{"embeddable":true,"href":"https:\/\/www.europeancollege.it\/fr\/wp-json\/wp\/v2\/comments?post=22"}],"version-history":[{"count":3,"href":"https:\/\/www.europeancollege.it\/fr\/wp-json\/wp\/v2\/pages\/22\/revisions"}],"predecessor-version":[{"id":10305,"href":"https:\/\/www.europeancollege.it\/fr\/wp-json\/wp\/v2\/pages\/22\/revisions\/10305"}],"wp:attachment":[{"href":"https:\/\/www.europeancollege.it\/fr\/wp-json\/wp\/v2\/media?parent=22"}],"curies":[{"name":"wp","href":"https:\/\/api.w.org\/{rel}","templated":true}]}}