
{"id":2309,"date":"2024-02-20T10:32:28","date_gmt":"2024-02-20T10:32:28","guid":{"rendered":"https:\/\/www.europeancollege.it\/?page_id=2309"},"modified":"2026-02-18T01:59:32","modified_gmt":"2026-02-18T00:59:32","slug":"corsi-epso","status":"publish","type":"page","link":"https:\/\/www.europeancollege.it\/fr\/altre-attivita\/corsi-epso\/","title":{"rendered":"Cours EPSO"},"content":{"rendered":"<h2 data-start=\"55\" data-end=\"112\"><span style=\"font-size: 24pt;\"><strong data-start=\"58\" data-end=\"110\">Cours de pr\u00e9paration aux concours europ\u00e9ens EPSO<\/strong><\/span><\/h2>\n<p data-start=\"114\" data-end=\"298\">La <strong data-start=\"117\" data-end=\"156\">Fondation Coll\u00e8ge Europ\u00e9en de Parme<\/strong> propose des formations pour la pr\u00e9paration aux <strong data-start=\"204\" data-end=\"226\">concours europ\u00e9ens<\/strong> organis\u00e9s par l\u2019<strong data-start=\"243\" data-end=\"295\">Office europ\u00e9en de s\u00e9lection du personnel (EPSO)<\/strong>.<\/p>\n<p data-start=\"300\" data-end=\"573\">Gr\u00e2ce \u00e0 des <strong data-start=\"312\" data-end=\"338\">vid\u00e9ocours sp\u00e9cifiques<\/strong>, le Coll\u00e8ge Europ\u00e9en peut vous aider \u00e0 vous pr\u00e9parer aux tests. Des <strong data-start=\"407\" data-end=\"421\">VID\u00c9OCOURS<\/strong> pour la pr\u00e9paration aux concours EPSO sont disponibles sur une plateforme d\u00e9di\u00e9e, \u00e9labor\u00e9s en collaboration avec notre partenaire <strong data-start=\"552\" data-end=\"570\">Orseu Concours<\/strong>.<\/p>\n<p data-start=\"575\" data-end=\"767\"><a class=\"decorated-link\" href=\"https:\/\/www.europeancollege.it\/e-learning\/\" target=\"_new\" rel=\"noopener\" data-start=\"575\" data-end=\"651\"><strong data-start=\"576\" data-end=\"606\">Visitez la page e-learning<\/strong><\/a> sur notre site pour obtenir des informations, conna\u00eetre les modalit\u00e9s d\u2019achat et de visualisation des vid\u00e9ocours.<\/p>\n<hr data-start=\"769\" data-end=\"772\" \/>\n<h3 data-start=\"774\" data-end=\"812\"><strong data-start=\"778\" data-end=\"810\">Informations compl\u00e9mentaires<\/strong><\/h3>\n<ul data-start=\"814\" data-end=\"1335\">\n<li data-start=\"814\" data-end=\"1100\">\n<p data-start=\"816\" data-end=\"1100\">Pour toute information sur les concours EPSO, v\u00e9rifiez le site EPSO <a href=\"https:\/\/eu-careers.europa.eu\/fr\" target=\"_blank\" rel=\"noopener\">https:\/\/eu-careers.europa.eu\/fr<\/a><\/p>\n<\/li>\n<\/ul>\n","protected":false},"excerpt":{"rendered":"<p>Cours de pr\u00e9paration aux concours europ\u00e9ens EPSO La Fondation Coll\u00e8ge Europ\u00e9en de Parme propose des formations pour la pr\u00e9paration aux concours europ\u00e9ens organis\u00e9s par l\u2019Office europ\u00e9en de s\u00e9lection du personnel (EPSO). Gr\u00e2ce \u00e0 des vid\u00e9ocours sp\u00e9cifiques, le Coll\u00e8ge Europ\u00e9en peut vous aider \u00e0 vous pr\u00e9parer aux tests. Des VID\u00c9OCOURS pour la pr\u00e9paration aux concours EPSO [&hellip;]<\/p>\n","protected":false},"author":1,"featured_media":0,"parent":22,"menu_order":0,"comment_status":"closed","ping_status":"closed","template":"page-altre-attivita.php","meta":{"footnotes":""},"class_list":["post-2309","page","type-page","status-publish","hentry"],"translation":{"provider":"WPGlobus","version":"2.10.10","language":"fr","enabled_languages":["it","en","fr"],"languages":{"it":{"title":true,"content":true,"excerpt":false},"en":{"title":true,"content":true,"excerpt":false},"fr":{"title":true,"content":true,"excerpt":false}}},"acf":[],"_links":{"self":[{"href":"https:\/\/www.europeancollege.it\/fr\/wp-json\/wp\/v2\/pages\/2309","targetHints":{"allow":["GET"]}}],"collection":[{"href":"https:\/\/www.europeancollege.it\/fr\/wp-json\/wp\/v2\/pages"}],"about":[{"href":"https:\/\/www.europeancollege.it\/fr\/wp-json\/wp\/v2\/types\/page"}],"author":[{"embeddable":true,"href":"https:\/\/www.europeancollege.it\/fr\/wp-json\/wp\/v2\/users\/1"}],"replies":[{"embeddable":true,"href":"https:\/\/www.europeancollege.it\/fr\/wp-json\/wp\/v2\/comments?post=2309"}],"version-history":[{"count":3,"href":"https:\/\/www.europeancollege.it\/fr\/wp-json\/wp\/v2\/pages\/2309\/revisions"}],"predecessor-version":[{"id":10790,"href":"https:\/\/www.europeancollege.it\/fr\/wp-json\/wp\/v2\/pages\/2309\/revisions\/10790"}],"up":[{"embeddable":true,"href":"https:\/\/www.europeancollege.it\/fr\/wp-json\/wp\/v2\/pages\/22"}],"wp:attachment":[{"href":"https:\/\/www.europeancollege.it\/fr\/wp-json\/wp\/v2\/media?parent=2309"}],"curies":[{"name":"wp","href":"https:\/\/api.w.org\/{rel}","templated":true}]}}