
{"id":3382,"date":"2024-03-05T14:04:40","date_gmt":"2024-03-05T14:04:40","guid":{"rendered":"https:\/\/www.europeancollege.it\/?page_id=3382"},"modified":"2026-02-17T09:53:38","modified_gmt":"2026-02-17T08:53:38","slug":"amministrazione-trasparente","status":"publish","type":"page","link":"https:\/\/www.europeancollege.it\/fr\/amministrazione-trasparente\/","title":{"rendered":"Administration transparente"},"content":{"rendered":"<h2 data-start=\"42\" data-end=\"116\"><span style=\"font-size: 24pt;\"><strong data-start=\"45\" data-end=\"114\">Administration transparente | Fondation Coll\u00e8ge Europ\u00e9en de Parme<\/strong><\/span><\/h2>\n<p data-start=\"118\" data-end=\"420\">Dans cette section sont publi\u00e9es les <strong data-start=\"155\" data-end=\"193\">donn\u00e9es, informations et documents<\/strong> pr\u00e9vus par le <strong data-start=\"208\" data-end=\"251\">D\u00e9cret l\u00e9gislatif du 14 mars 2013 n. 33<\/strong> (\u00ab R\u00e9organisation de la r\u00e9glementation relative aux obligations de publication, de transparence et de diffusion des informations par les administrations publiques \u00bb).<\/p>\n<p data-start=\"422\" data-end=\"459\">* <strong data-start=\"425\" data-end=\"457\">PAGE EN COURS DE MISE \u00c0 JOUR<\/strong><\/p>\n","protected":false},"excerpt":{"rendered":"<p>Administration transparente | Fondation Coll\u00e8ge Europ\u00e9en de Parme Dans cette section sont publi\u00e9es les donn\u00e9es, informations et documents pr\u00e9vus par le D\u00e9cret l\u00e9gislatif du 14 mars 2013 n. 33 (\u00ab R\u00e9organisation de la r\u00e9glementation relative aux obligations de publication, de transparence et de diffusion des informations par les administrations publiques \u00bb). * PAGE EN COURS [&hellip;]<\/p>\n","protected":false},"author":1,"featured_media":0,"parent":0,"menu_order":0,"comment_status":"closed","ping_status":"closed","template":"","meta":{"footnotes":""},"class_list":["post-3382","page","type-page","status-publish","hentry"],"translation":{"provider":"WPGlobus","version":"2.10.10","language":"fr","enabled_languages":["it","en","fr"],"languages":{"it":{"title":true,"content":true,"excerpt":false},"en":{"title":true,"content":true,"excerpt":false},"fr":{"title":true,"content":true,"excerpt":false}}},"acf":[],"_links":{"self":[{"href":"https:\/\/www.europeancollege.it\/fr\/wp-json\/wp\/v2\/pages\/3382","targetHints":{"allow":["GET"]}}],"collection":[{"href":"https:\/\/www.europeancollege.it\/fr\/wp-json\/wp\/v2\/pages"}],"about":[{"href":"https:\/\/www.europeancollege.it\/fr\/wp-json\/wp\/v2\/types\/page"}],"author":[{"embeddable":true,"href":"https:\/\/www.europeancollege.it\/fr\/wp-json\/wp\/v2\/users\/1"}],"replies":[{"embeddable":true,"href":"https:\/\/www.europeancollege.it\/fr\/wp-json\/wp\/v2\/comments?post=3382"}],"version-history":[{"count":3,"href":"https:\/\/www.europeancollege.it\/fr\/wp-json\/wp\/v2\/pages\/3382\/revisions"}],"predecessor-version":[{"id":10766,"href":"https:\/\/www.europeancollege.it\/fr\/wp-json\/wp\/v2\/pages\/3382\/revisions\/10766"}],"wp:attachment":[{"href":"https:\/\/www.europeancollege.it\/fr\/wp-json\/wp\/v2\/media?parent=3382"}],"curies":[{"name":"wp","href":"https:\/\/api.w.org\/{rel}","templated":true}]}}