
{"id":8824,"date":"2024-10-23T11:49:13","date_gmt":"2024-10-23T09:49:13","guid":{"rendered":"https:\/\/www.europeancollege.it\/privacy-policy-copy\/"},"modified":"2025-02-19T15:06:51","modified_gmt":"2025-02-19T14:06:51","slug":"cookie-policy","status":"publish","type":"page","link":"https:\/\/www.europeancollege.it\/fr\/cookie-policy\/","title":{"rendered":"Cookie Policy"},"content":{"rendered":"<h1>Informativa estesa sui cookie e Cookie policy<\/h1>\n<h2>Cosa sono i cookies<\/h2>\n<p>I cookies sono piccoli file di testo che vengono automaticamente posizionati sul PC del navigatore all&rsquo;interno del browser. Essi contengono informazioni di base sulla navigazione in Internet e grazie al browser vengono riconosciuti ogni volta che l&rsquo;utente visita il sito.<\/p>\n<p>Per default quasi tutti i browser web sono impostati per accettare automaticamente i cookie, ma \u00e8 possibile cambiare questa impostazione per far s\u00ec che i cookies non vengano installati.<\/p>\n<p>Tipicamente i cookie possono essere installati:<\/p>\n<ul>\n<li>direttamente dal proprietario e\/o responsabile del sito web (c.d. cookie di prima parte);<\/li>\n<li>da responsabili estranei al sito web visitato dall&rsquo;utente (c.d. cookie di terza parte).<\/li>\n<\/ul>\n<p>Questo sito web pu\u00f2 utilizzare, anche in combinazione tra di loro, i seguenti tipi di cookie classificati in base alle indicazioni del Garante Privacy e dei Pareri emessi in ambito Europeo dal Gruppo di Lavoro ex art. 29 del GDPR:<\/p>\n<ul>\n<li><strong>Sessione,<\/strong> sono i cookie che non vengono memorizzati in modo persistente sul computer dell&rsquo;utente e si cancellano con la chiusura del browser, sono strettamente limitati alla trasmissione di identificativi di sessione necessari per consentire l&rsquo;esplorazione sicura ed efficiente del sito evitando il ricorso ad altre tecniche informatiche potenzialmente pregiudizievoli per la riservatezza della navigazione degli utenti.<\/li>\n<li><strong>Persistenti,<\/strong> sono i cookie che rimangono memorizzati sul disco rigido del computer fino alla loro scadenza o cancellazione da parte degli utenti\/visitatori. Tramite i cookie persistenti i visitatori che accedono al sito (o eventuali altri utenti che impiegano il medesimo computer) vengono automaticamente riconosciuti ad ogni visita. I visitatori possono impostare il browser del computer in modo tale che accetti\/rifiuti tutti i cookie o visualizzi un avviso ogni qual volta viene proposto un cookie, per poter valutare se accettarlo o meno. L&rsquo;utente pu\u00f2, comunque, modificare la configurazione predefinita e disabilitare i cookie (cio\u00e8 bloccarli in via definitiva), impostando il livello di protezione pi\u00f9 elevato.<\/li>\n<li><strong>Tecnici,<\/strong> sono i cookie utilizzati per autenticarsi, per usufruire di contenuti multimediali tipo flash player o per consentire la scelta della lingua di navigazione. In generale non \u00e8 quindi necessario acquisire il consenso preventivo e informato dell&rsquo;utente. Rientrano in questa fattispecie anche i cookie utilizzati per analizzare statisticamente gli accessi\/le visite al sito solo se utilizzati esclusivamente per scopi statistici e tramite la raccolta di informazioni in forma aggregata.<\/li>\n<li><strong>Non tecnici,<\/strong> sono tutti i cookie usati per finalit\u00e0 di profilazione e marketing. Il loro utilizzo sui terminali degli utenti \u00e8 vietato se questi non siano stati prima adeguatamente informati e non abbiano prestato al riguardo un valido consenso. Rientrano in questa categoria i cookies c.d. Anallitycs che sono utilizzati per raccogliere ed analizzare informazioni statistiche sugli accessi\/le visite al sito web.<\/li>\n<\/ul>\n<h2>Cookie presenti su questo sito web<\/h2>\n<h3>Cookie tecnici che non richiedono il consenso<\/h3>\n<ul>\n<li>Cookie di sessione \/ navigazione (cookie di prima parte) : si tratta di cookie che permettono di fruire delle funzionalit\u00e0 del sito senza memorizzare dati personali. Tali cookie permettono, ad esempio, di segnalare un errore nella compilazione di un form di contatto oppure di visualizzare i contenuti nella sua lingua<\/li>\n<li>Cookie statistici anonimi (cookie di prima o di terza parte): si tratta di cookie statistici che non memorizzano alcun dato personale dell&rsquo;utente ma solo dati statistici aggregati.<\/li>\n<\/ul>\n<h3>Cookie per i quali \u00e8 richiesto il consenso<\/h3>\n<p>Su questo sito web non sono presenti cookies che memorizzano suoi dati personali per i quali sia richiesto il consenso. Per i trattamenti di dati personali che, previo suo consenso, societ\u00e0 terze a noi non note potrebbero porre in essere attraverso i cookie, collegandosi a questo link ed avvalendosi del relativo servizio potr\u00e0 personalizzare le sue scelte: <a href=\"http:\/\/www.youronlinechoices.com\/it\/le-tue-scelte\" target=\"_blank\" rel=\"noopener\">http:\/\/www.youronlinechoices.com\/it\/le-tue-scelte<\/a><\/p>\n<h3>Elenco dei cookie presenti sul sito web<\/h3>\n<p>Qui sotto \u00e8 riportato l\u2019elenco dei cookie che vengono installati durante la visita di questo sito web.<br \/>\nAlcuni dei cookie indicati potrebbero venir attivati solo in corrispondenza di determinate azioni compite dal visitatore e\/o per alcune pagine o funzionalit\u00e0 (ad esempio: i cookie per la gestione delle preferenze relative alla lingua del sito potrebbero essere installati solo quando il visitatore seleziona una lingua di visualizzazione).<\/p>\n<div class=\"overflow-inner\">\n<table>\n<tbody>\n<tr>\n<th>Nome<\/th>\n<th>Scopo<\/th>\n<th>Scadenza<\/th>\n<th>Tipo<\/th>\n<th>Parte<\/th>\n<\/tr>\n<tr>\n<td>cookie_notice_accepted<\/td>\n<td>Registra se l&rsquo;utente ha o meno visualizzato il coookie banner in modo da non mostrarlo nuovamente ad ogni visualizzazione di pagina<\/td>\n<td>Persistente<\/td>\n<td>HTTP Cookie &#8211; Tecnico<\/td>\n<td>Prima parte<\/td>\n<\/tr>\n<tr>\n<td>wp_lang<\/td>\n<td>Memorizza le preferenze sulla lingua<\/td>\n<td>Sessione<\/td>\n<td>HTTP Cookie &#8211; Tecnico<\/td>\n<td>Prima parte<\/td>\n<\/tr>\n<tr>\n<td>wordpress_test_cookie<\/td>\n<td>Verifica se il browser accetta i cookie<\/td>\n<td>Sessione<\/td>\n<td>HTTP Cookie &#8211; Tecnico<\/td>\n<td>Prima parte<\/td>\n<\/tr>\n<\/tbody>\n<\/table>\n<\/div>\n<h2>Gestire le tue preferenze sui cookie attraverso il browser<\/h2>\n<p>Le ricordiamo che \u00e8 possibile gestire le preferenze relative ai cookies anche utilizzando il suo browser.<\/p>\n<h3>Se si utilizza Internet Explorer<\/h3>\n<p>In Internet Explorer, fare clic su \u00ab\u00a0Strumenti\u00a0\u00bb poi \u00ab\u00a0Opzioni Internet\u00a0\u00bb. Nella scheda Privacy, spostare il cursore verso l&rsquo;alto per bloccare tutti i cookie o verso il basso per consentire a tutti i cookie, e quindi fare clic su OK. Per approfondimenti: <a href=\"https:\/\/support.microsoft.com\/it-it\/help\/17442\/windows-internet-explorer-delete-manage-cookies\" target=\"_blank\" rel=\"noopener\">Visita il sito Microsoft<\/a><\/p>\n<h3>Se si utilizza il browser Firefox<\/h3>\n<p>Vai al menu \u00ab\u00a0Strumenti\u00a0\u00bb del browser e selezionare il menu \u00ab\u00a0Opzioni\u00a0\u00bb Fare clic sulla scheda \u00ab\u00a0Privacy\u00a0\u00bb, deselezionare la casella \u00ab\u00a0Accetta cookie\u00a0\u00bb e fare clic su OK. Per approfondimenti: <a href=\"https:\/\/support.mozilla.org\/it\/kb\/Attivare%20e%20disattivare%20i%20cookie?redirectlocale=en-us&amp;redirectslug=enabling+and+disabling+cookies\" target=\"_blank\" rel=\"noopener\">Visita il sito Mozzilla<\/a><\/p>\n<h3>Se si utilizza il browser Safari<\/h3>\n<p>Dal Browser Safari selezionare il menu \u00ab\u00a0Modifica\u00a0\u00bb e selezionare \u00ab\u00a0Preferences\u00a0\u00bb. Clicca su \u00ab\u00a0Privacy\u00a0\u00bb. Posizionare l&rsquo;impostazione \u00ab\u00a0cookies Block\u00a0\u00bb sempre \u00ab\u00a0e fare clic su OK. Per approfondimenti: <a href=\"https:\/\/support.apple.com\/it-it\/guide\/safari\/sfri11471\/15.1\/mac\/12.0\" target=\"_blank\" rel=\"noopener\"> Visita il sito Apple Safari<\/a><\/p>\n<h3>Se si utilizza il browser Google Chrome<\/h3>\n<p>Fai clic sul menu Chrome nella barra degli strumenti del browser. Selezionare \u00ab\u00a0Impostazioni\u00a0\u00bb. Fare clic su \u00ab\u00a0Mostra impostazioni avanzate\u00a0\u00bb. Nella sezione \u00ab\u00a0Privacy\u00a0\u00bb, fai clic sul pulsante \u00ab\u00a0Impostazioni contenuti\u00a0\u00bb. Nella sezione \u00ab\u00a0Cookies\u00a0\u00bb, selezionare \u00ab\u00a0Non consentire ai siti per memorizzare i dati\u00a0\u00bb e di controllo \u00ab\u00a0cookie di blocco e di terze parti i dati sito\u00a0\u00bb, e quindi fare clic su OK. Per approfondimenti: <a href=\"https:\/\/support.google.com\/accounts\/answer\/61416?hl=it\" target=\"_blank\" rel=\"noopener\">Visita il sito di Chrome<\/a><\/p>\n<h3>Se si utilizzai un qualsiasi altro browser<\/h3>\n<p>Cerca nelle Impostazioni del browser la modalit\u00e0 di gestione dei cookies.<\/p>\n","protected":false},"excerpt":{"rendered":"<p>Informativa estesa sui cookie e Cookie policy Cosa sono i cookies I cookies sono piccoli file di testo che vengono automaticamente posizionati sul PC del navigatore all&rsquo;interno del browser. Essi contengono informazioni di base sulla navigazione in Internet e grazie al browser vengono riconosciuti ogni volta che l&rsquo;utente visita il sito. Per default quasi tutti [&hellip;]<\/p>\n","protected":false},"author":1,"featured_media":0,"parent":0,"menu_order":0,"comment_status":"closed","ping_status":"open","template":"page-cookie-policy.php","meta":{"footnotes":""},"class_list":["post-8824","page","type-page","status-publish","hentry"],"translation":{"provider":"WPGlobus","version":"2.10.10","language":"fr","enabled_languages":["it","en","fr"],"languages":{"it":{"title":true,"content":true,"excerpt":false},"en":{"title":false,"content":true,"excerpt":false},"fr":{"title":false,"content":false,"excerpt":false}}},"acf":[],"_links":{"self":[{"href":"https:\/\/www.europeancollege.it\/fr\/wp-json\/wp\/v2\/pages\/8824","targetHints":{"allow":["GET"]}}],"collection":[{"href":"https:\/\/www.europeancollege.it\/fr\/wp-json\/wp\/v2\/pages"}],"about":[{"href":"https:\/\/www.europeancollege.it\/fr\/wp-json\/wp\/v2\/types\/page"}],"author":[{"embeddable":true,"href":"https:\/\/www.europeancollege.it\/fr\/wp-json\/wp\/v2\/users\/1"}],"replies":[{"embeddable":true,"href":"https:\/\/www.europeancollege.it\/fr\/wp-json\/wp\/v2\/comments?post=8824"}],"version-history":[{"count":3,"href":"https:\/\/www.europeancollege.it\/fr\/wp-json\/wp\/v2\/pages\/8824\/revisions"}],"predecessor-version":[{"id":9472,"href":"https:\/\/www.europeancollege.it\/fr\/wp-json\/wp\/v2\/pages\/8824\/revisions\/9472"}],"wp:attachment":[{"href":"https:\/\/www.europeancollege.it\/fr\/wp-json\/wp\/v2\/media?parent=8824"}],"curies":[{"name":"wp","href":"https:\/\/api.w.org\/{rel}","templated":true}]}}