
{"id":9298,"date":"2025-02-14T14:52:23","date_gmt":"2025-02-14T13:52:23","guid":{"rendered":"https:\/\/www.europeancollege.it\/?page_id=9298"},"modified":"2026-02-18T02:11:08","modified_gmt":"2026-02-18T01:11:08","slug":"e-learning","status":"publish","type":"page","link":"https:\/\/www.europeancollege.it\/fr\/e-learning\/","title":{"rendered":"E-Learning \u2013 Formation pour les concours EPSO"},"content":{"rendered":"<p data-start=\"42\" data-end=\"120\">\ud83c\udf93 <strong data-start=\"45\" data-end=\"118\">Faites progresser votre carri\u00e8re europ\u00e9enne avec nos cours e-learning<\/strong><\/p>\n<p data-start=\"122\" data-end=\"180\"><strong data-start=\"122\" data-end=\"178\">Cours en ligne pour la pr\u00e9paration aux concours EPSO<\/strong><\/p>\n<p data-start=\"182\" data-end=\"262\">Vous r\u00eavez d\u2019une carri\u00e8re au sein des <strong data-start=\"220\" data-end=\"258\">institutions de l\u2019Union europ\u00e9enne<\/strong> ?<\/p>\n<p data-start=\"264\" data-end=\"440\">Nos cours <strong data-start=\"274\" data-end=\"331\">e-learning pour la pr\u00e9paration aux concours europ\u00e9ens<\/strong> sont con\u00e7us pour vous fournir les <strong data-start=\"366\" data-end=\"403\">comp\u00e9tences et connaissances cl\u00e9s<\/strong> pour faire face aux concours EPSO.<\/p>\n<hr data-start=\"442\" data-end=\"445\" \/>\n<p data-start=\"447\" data-end=\"495\">\ud83d\udca1 <strong data-start=\"450\" data-end=\"493\">Pourquoi choisir nos cours e-learning ?<\/strong><\/p>\n<ul data-start=\"497\" data-end=\"909\">\n<li data-start=\"497\" data-end=\"637\">\n<p data-start=\"499\" data-end=\"637\"><strong data-start=\"499\" data-end=\"525\">Apprentissage flexible<\/strong> : acc\u00e9dez aux cours <strong data-start=\"546\" data-end=\"586\">\u00e0 tout moment et depuis n\u2019importe o\u00f9<\/strong>, pendant 8 semaines \u00e0 partir de la date d\u2019achat.<\/p>\n<\/li>\n<li data-start=\"638\" data-end=\"768\">\n<p data-start=\"640\" data-end=\"768\"><strong data-start=\"640\" data-end=\"669\">Formation par des experts<\/strong> : apprenez aupr\u00e8s d\u2019experts en pr\u00e9paration aux concours europ\u00e9ens et en th\u00e9matiques europ\u00e9ennes.<\/p>\n<\/li>\n<li data-start=\"769\" data-end=\"909\">\n<p data-start=\"771\" data-end=\"909\"><strong data-start=\"771\" data-end=\"795\">Approche multilingue<\/strong> : les cours sont disponibles en <strong data-start=\"828\" data-end=\"853\">italien et en anglais<\/strong>, pour r\u00e9pondre aux besoins d\u2019un public international.<\/p>\n<\/li>\n<\/ul>\n<hr data-start=\"911\" data-end=\"914\" \/>\n<p data-start=\"916\" data-end=\"947\">\ud83d\udd0d <strong data-start=\"919\" data-end=\"945\">Ce que vous apprendrez<\/strong><\/p>\n<p data-start=\"949\" data-end=\"1136\">Les cours de pr\u00e9paration aux concours UE ont \u00e9t\u00e9 d\u00e9velopp\u00e9s en collaboration avec notre partenaire <strong data-start=\"1048\" data-end=\"1066\">Orseu Concours<\/strong> et portent sur les types de tests utilis\u00e9s dans les concours EPSO :<\/p>\n<ul data-start=\"1138\" data-end=\"1629\">\n<li data-start=\"1138\" data-end=\"1305\">\n<p data-start=\"1140\" data-end=\"1305\"><strong data-start=\"1140\" data-end=\"1186\">Raisonnement verbal, num\u00e9rique et abstrait<\/strong> (par Orseu Concours)<br data-start=\"1207\" data-end=\"1210\" \/>D\u00e9couvrez les strat\u00e9gies essentielles pour r\u00e9soudre les questions rapidement et efficacement.<\/p>\n<\/li>\n<li data-start=\"1307\" data-end=\"1484\">\n<p data-start=\"1309\" data-end=\"1484\"><strong data-start=\"1309\" data-end=\"1357\">Connaissances de base sur l\u2019Union Europ\u00e9enne<\/strong> (par le Coll\u00e8ge Europ\u00e9en de Parme)<br data-start=\"1392\" data-end=\"1395\" \/>Renforcez vos connaissances sur l\u2019UE, essentielles pour les \u00e9preuves \u00e9crites et orales.<\/p>\n<\/li>\n<li data-start=\"1486\" data-end=\"1629\">\n<p data-start=\"1488\" data-end=\"1629\"><strong data-start=\"1488\" data-end=\"1506\">\u00c9preuve \u00e9crite<\/strong> (par Orseu Concours)<br data-start=\"1527\" data-end=\"1530\" \/>Acqu\u00e9rez les comp\u00e9tences n\u00e9cessaires pour r\u00e9ussir la nouvelle \u00e9preuve \u00e9crite introduite par EPSO.<\/p>\n<\/li>\n<\/ul>\n<p data-start=\"1631\" data-end=\"1782\">Regardez la vid\u00e9o de pr\u00e9sentation du <strong data-start=\"1668\" data-end=\"1717\">Pack Cours en Ligne \u2013 Pr\u00e9paration Concours UE<\/strong> : <a class=\"decorated-link\" href=\"https:\/\/youtu.be\/0MhTxfGc_xo\" target=\"_new\" rel=\"noopener\" data-start=\"1720\" data-end=\"1780\">https:\/\/youtu.be\/0MhTxfGc_xo<\/a><\/p>\n<hr data-start=\"2001\" data-end=\"2004\" \/>\n<p data-start=\"2006\" data-end=\"2037\">\ud83d\udd52 <strong data-start=\"2009\" data-end=\"2035\">\u00c9tudiez \u00e0 votre rythme<\/strong><\/p>\n<p data-start=\"2039\" data-end=\"2122\">Le format vid\u00e9o en ligne vous permet d\u2019\u00e9tudier <strong data-start=\"2086\" data-end=\"2119\">quand et o\u00f9 vous le souhaitez<\/strong>.<\/p>\n<p data-start=\"2124\" data-end=\"2148\">Les cours vid\u00e9o sont :<\/p>\n<ul data-start=\"2149\" data-end=\"2307\">\n<li data-start=\"2149\" data-end=\"2195\">\n<p data-start=\"2151\" data-end=\"2195\"><strong data-start=\"2151\" data-end=\"2193\">structur\u00e9s en modules faciles \u00e0 suivre<\/strong><\/p>\n<\/li>\n<li data-start=\"2196\" data-end=\"2240\">\n<p data-start=\"2198\" data-end=\"2240\">disponibles en <strong data-start=\"2213\" data-end=\"2238\">italien et en anglais<\/strong><\/p>\n<\/li>\n<li data-start=\"2241\" data-end=\"2307\">\n<p data-start=\"2243\" data-end=\"2307\">accessibles pendant <strong data-start=\"2263\" data-end=\"2305\">8 semaines \u00e0 partir de la date d\u2019achat<\/strong><\/p>\n<\/li>\n<\/ul>\n<hr data-start=\"2309\" data-end=\"2312\" \/>\n<p data-start=\"2314\" data-end=\"2363\">\ud83c\udfaf <strong data-start=\"2317\" data-end=\"2361\">Commencez d\u00e8s aujourd\u2019hui votre parcours<\/strong><\/p>\n<p data-start=\"2365\" data-end=\"2557\">Les concours EPSO sont tr\u00e8s comp\u00e9titifs : commencez d\u00e8s maintenant votre pr\u00e9paration pour vous familiariser avec les formats et sujets trait\u00e9s.<\/p>\n<p data-start=\"2559\" data-end=\"2681\">Les cours vid\u00e9o vous aideront \u00e0 d\u00e9velopper les comp\u00e9tences n\u00e9cessaires pour vous pr\u00e9parer.<\/p>\n<p data-start=\"2683\" data-end=\"2914\">\ud83d\udc49 <strong data-start=\"2686\" data-end=\"2722\">Choisissez le cours et la langue<\/strong> en cliquant sur les ic\u00f4nes \u00e0 gauche de votre \u00e9cran et inscrivez-vous aux cours en ligne de pr\u00e9paration aux concours UE qui vous semblent les plus utiles pour votre parcours d\u2019apprentissage.<\/p>\n<p data-start=\"2916\" data-end=\"3037\">Pour plus d\u2019informations ou assistance, contactez-nous \u00e0 <strong data-start=\"2973\" data-end=\"3000\"><a class=\"decorated-link cursor-pointer\" rel=\"noopener\" data-start=\"2975\" data-end=\"2998\">info@collegioeuropeo.it<\/a><\/strong> ou appelez le <strong data-start=\"3015\" data-end=\"3034\">+39 0521 207525<\/strong>.<\/p>\n<hr data-start=\"3039\" data-end=\"3042\" \/>\n<p data-start=\"3044\" data-end=\"3132\" data-is-only-node=\"\"><strong data-start=\"3044\" data-end=\"3130\">Construisez votre carri\u00e8re europ\u00e9enne avec la Fondation Coll\u00e8ge Europ\u00e9en de Parme.<\/strong><\/p>\n","protected":false},"excerpt":{"rendered":"<p>\ud83c\udf93 Faites progresser votre carri\u00e8re europ\u00e9enne avec nos cours e-learning Cours en ligne pour la pr\u00e9paration aux concours EPSO Vous r\u00eavez d\u2019une carri\u00e8re au sein des institutions de l\u2019Union europ\u00e9enne ? Nos cours e-learning pour la pr\u00e9paration aux concours europ\u00e9ens sont con\u00e7us pour vous fournir les comp\u00e9tences et connaissances cl\u00e9s pour faire face aux concours [&hellip;]<\/p>\n","protected":false},"author":1,"featured_media":0,"parent":0,"menu_order":0,"comment_status":"closed","ping_status":"closed","template":"","meta":{"footnotes":""},"class_list":["post-9298","page","type-page","status-publish","hentry"],"translation":{"provider":"WPGlobus","version":"2.10.10","language":"fr","enabled_languages":["it","en","fr"],"languages":{"it":{"title":true,"content":true,"excerpt":false},"en":{"title":true,"content":true,"excerpt":false},"fr":{"title":true,"content":true,"excerpt":false}}},"acf":[],"_links":{"self":[{"href":"https:\/\/www.europeancollege.it\/fr\/wp-json\/wp\/v2\/pages\/9298","targetHints":{"allow":["GET"]}}],"collection":[{"href":"https:\/\/www.europeancollege.it\/fr\/wp-json\/wp\/v2\/pages"}],"about":[{"href":"https:\/\/www.europeancollege.it\/fr\/wp-json\/wp\/v2\/types\/page"}],"author":[{"embeddable":true,"href":"https:\/\/www.europeancollege.it\/fr\/wp-json\/wp\/v2\/users\/1"}],"replies":[{"embeddable":true,"href":"https:\/\/www.europeancollege.it\/fr\/wp-json\/wp\/v2\/comments?post=9298"}],"version-history":[{"count":3,"href":"https:\/\/www.europeancollege.it\/fr\/wp-json\/wp\/v2\/pages\/9298\/revisions"}],"predecessor-version":[{"id":10792,"href":"https:\/\/www.europeancollege.it\/fr\/wp-json\/wp\/v2\/pages\/9298\/revisions\/10792"}],"wp:attachment":[{"href":"https:\/\/www.europeancollege.it\/fr\/wp-json\/wp\/v2\/media?parent=9298"}],"curies":[{"name":"wp","href":"https:\/\/api.w.org\/{rel}","templated":true}]}}