
{"id":9809,"date":"2025-04-01T11:38:54","date_gmt":"2025-04-01T09:38:54","guid":{"rendered":"https:\/\/www.europeancollege.it\/?page_id=9809"},"modified":"2025-09-18T14:40:55","modified_gmt":"2025-09-18T12:40:55","slug":"termini-e-condizioni","status":"publish","type":"page","link":"https:\/\/www.europeancollege.it\/fr\/termini-e-condizioni\/","title":{"rendered":"Conditions d&rsquo;utilisation"},"content":{"rendered":"<h2 data-start=\"71\" data-end=\"98\"><strong data-start=\"74\" data-end=\"98\"><span style=\"font-size: 24pt;\">Conditions G\u00e9n\u00e9rales<\/span><\/strong><\/h2>\n<h3 data-start=\"100\" data-end=\"132\"><strong data-start=\"104\" data-end=\"130\">1. Champ d\u2019application<\/strong><\/h3>\n<p data-start=\"134\" data-end=\"453\">1.1 La <strong data-start=\"141\" data-end=\"181\">Fondazione Collegio Europeo di Parma<\/strong>, dont le si\u00e8ge est situ\u00e9 <strong data-start=\"207\" data-end=\"263\">Strada dell\u2019Universit\u00e0 12 \u2013 43121 Parme (PR), Italie<\/strong>, propose une <strong data-start=\"277\" data-end=\"300\">plateforme en ligne<\/strong> sous le domaine <strong data-start=\"317\" data-end=\"343\"><a class=\"decorated-link\" href=\"https:\/\/www.europeancollege.it\" target=\"_new\" rel=\"noopener\" data-start=\"319\" data-end=\"341\">www.europeancollege.it<\/a><\/strong> pour acc\u00e9der \u00e0 des <strong data-start=\"363\" data-end=\"412\">vid\u00e9os de formation et du mat\u00e9riel e-learning<\/strong> (ci-apr\u00e8s d\u00e9nomm\u00e9e la \u00ab Plateforme \u00bb).<\/p>\n<p data-start=\"455\" data-end=\"829\">1.2 Les pr\u00e9sentes <strong data-start=\"473\" data-end=\"511\">CONDITIONS G\u00c9N\u00c9RALES D\u2019UTILISATION<\/strong> s\u2019appliquent \u00e0 toutes les personnes inscrites comme utilisateurs de la Plateforme (ci-apr\u00e8s d\u00e9nomm\u00e9s individuellement ou collectivement \u00ab l\u2019Utilisateur \u00bb). Elles r\u00e9gissent les <strong data-start=\"688\" data-end=\"713\">droits et obligations<\/strong> des Utilisateurs lors de la consultation de la Plateforme et de l\u2019utilisation de ses fonctionnalit\u00e9s et services.<\/p>\n<p data-start=\"831\" data-end=\"1150\">1.3 La <strong data-start=\"838\" data-end=\"878\">Fondazione Collegio Europeo di Parma<\/strong> peut modifier ces Conditions G\u00e9n\u00e9rales \u00e0 tout moment sans justification. Ces modifications seront annonc\u00e9es sur la Plateforme. Si l\u2019Utilisateur continue d\u2019utiliser la Plateforme apr\u00e8s avoir \u00e9t\u00e9 inform\u00e9 de modifications, celles-ci seront consid\u00e9r\u00e9es comme <strong data-start=\"1134\" data-end=\"1147\">accept\u00e9es<\/strong>.<\/p>\n<p data-start=\"1152\" data-end=\"1410\">1.4 Les informations concernant la <strong data-start=\"1187\" data-end=\"1226\">protection des donn\u00e9es personnelles<\/strong> des Utilisateurs sont disponibles dans la <strong data-start=\"1269\" data-end=\"1301\">politique de confidentialit\u00e9<\/strong> de la Plateforme : <a class=\"decorated-link\" href=\"www.europeancollege.it\/en\/privacy-policy\/\" rel=\"noopener\" data-start=\"1321\" data-end=\"1407\">www.europeancollege.it\/en\/privacy-policy\/<\/a>.<\/p>\n<hr data-start=\"1412\" data-end=\"1415\" \/>\n<h3 data-start=\"1417\" data-end=\"1472\"><strong data-start=\"1421\" data-end=\"1470\">2. Objet du contrat et description du service<\/strong><\/h3>\n<p data-start=\"1474\" data-end=\"1621\">2.1 Les Utilisateurs peuvent acc\u00e9der aux <strong data-start=\"1515\" data-end=\"1552\">vid\u00e9os achet\u00e9es sur la Plateforme<\/strong> pendant un maximum de <strong data-start=\"1575\" data-end=\"1589\">8 semaines<\/strong> \u00e0 compter de la date d\u2019achat.<\/p>\n<p data-start=\"1623\" data-end=\"1846\">2.2 Si indiqu\u00e9 dans la description du cours, l\u2019Utilisateur recevra \u00e9galement, au moment de l\u2019achat, un <strong data-start=\"1726\" data-end=\"1747\">code promotionnel<\/strong> \u00e0 utiliser sur la plateforme <strong data-start=\"1777\" data-end=\"1803\"><a class=\"decorated-link\" href=\"http:\/\/www.orseu-concours.com\" target=\"_new\" rel=\"noopener\" data-start=\"1779\" data-end=\"1801\">www.orseu-concours.com<\/a><\/strong>, valable <strong data-start=\"1813\" data-end=\"1823\">2 mois<\/strong> \u00e0 partir de l\u2019achat.<\/p>\n<hr data-start=\"1848\" data-end=\"1851\" \/>\n<h3 data-start=\"1853\" data-end=\"1893\"><strong data-start=\"1857\" data-end=\"1891\">3. Inscription et consentement<\/strong><\/h3>\n<p data-start=\"1895\" data-end=\"2108\">3.1 L\u2019inscription est obligatoire pour acc\u00e9der \u00e0 la Plateforme. En s\u2019inscrivant, l\u2019Utilisateur accepte la <strong data-start=\"2001\" data-end=\"2038\">validit\u00e9 des Conditions G\u00e9n\u00e9rales<\/strong>. L\u2019acc\u00e8s \u00e0 la Plateforme est <strong data-start=\"2068\" data-end=\"2105\">r\u00e9serv\u00e9 aux Utilisateurs inscrits<\/strong>.<\/p>\n<p data-start=\"2110\" data-end=\"2232\">3.2 L\u2019Utilisateur doit fournir des informations <strong data-start=\"2158\" data-end=\"2182\">compl\u00e8tes et exactes<\/strong> et mettre \u00e0 jour toute modification rapidement.<\/p>\n<p data-start=\"2234\" data-end=\"2485\">3.3 L\u2019inscription \u00e0 la Plateforme n\u2019est pas un droit acquis. La Fondazione Collegio Europeo di Parma se r\u00e9serve le droit de <strong data-start=\"2358\" data-end=\"2383\">refuser l\u2019inscription<\/strong> \u00e0 toute personne sans justification, ou d\u2019emp\u00eacher un Utilisateur inscrit d\u2019utiliser la Plateforme.<\/p>\n<hr data-start=\"2487\" data-end=\"2490\" \/>\n<h3 data-start=\"2492\" data-end=\"2543\"><strong data-start=\"2496\" data-end=\"2541\">4. Droits et obligations des Utilisateurs<\/strong><\/h3>\n<p data-start=\"2545\" data-end=\"2696\">4.1 L\u2019Utilisateur s\u2019engage \u00e0 <strong data-start=\"2574\" data-end=\"2617\">garder confidentielles ses identifiants<\/strong> d\u2019acc\u00e8s. Il est responsable de toutes les activit\u00e9s provenant de son compte.<\/p>\n<p data-start=\"2698\" data-end=\"3003\">4.2 L\u2019Utilisateur s\u2019engage \u00e0 <strong data-start=\"2727\" data-end=\"2753\">informer imm\u00e9diatement<\/strong> la Fondazione Collegio Europeo di Parma en cas d\u2019utilisation non autoris\u00e9e de son compte. La Fondation peut <strong data-start=\"2862\" data-end=\"2883\">bloquer le compte<\/strong> si une utilisation non autoris\u00e9e est suspect\u00e9e ou en cas de violation des lois ou des pr\u00e9sentes Conditions G\u00e9n\u00e9rales.<\/p>\n<p data-start=\"3005\" data-end=\"3161\">4.3 L\u2019Utilisateur s\u2019engage \u00e0 <strong data-start=\"3034\" data-end=\"3087\">consulter les vid\u00e9os uniquement via la Plateforme<\/strong> et \u00e0 ne pas copier, distribuer ou partager le contenu d\u2019aucune mani\u00e8re.<\/p>\n<hr data-start=\"3163\" data-end=\"3166\" \/>\n<h3 data-start=\"3168\" data-end=\"3209\"><strong data-start=\"3172\" data-end=\"3207\">5. Utilisation de la Plateforme<\/strong><\/h3>\n<p data-start=\"3211\" data-end=\"3439\">5.1 La Plateforme est disponible <strong data-start=\"3244\" data-end=\"3262\">24h\/24 et 7j\/7<\/strong>, mais aucune garantie n\u2019est donn\u00e9e sur l\u2019absence totale d\u2019erreurs ou d\u2019interruptions. La Plateforme peut \u00eatre temporairement indisponible pour maintenance, qui sera annonc\u00e9e.<\/p>\n<p data-start=\"3441\" data-end=\"3692\">5.2 La Plateforme et son logiciel sont prot\u00e9g\u00e9s par le <strong data-start=\"3496\" data-end=\"3514\">droit d\u2019auteur<\/strong> et ne peuvent \u00eatre utilis\u00e9s ou modifi\u00e9s au-del\u00e0 des droits accord\u00e9s sans l\u2019accord \u00e9crit de la Fondation. Le design et le contenu sont \u00e9galement prot\u00e9g\u00e9s par le droit d\u2019auteur.<\/p>\n<p data-start=\"3694\" data-end=\"4241\">5.3 L\u2019Utilisateur <strong data-start=\"3712\" data-end=\"3727\">ne doit pas<\/strong> :<br data-start=\"3729\" data-end=\"3732\" \/>a) utiliser des technologies automatiques pour collecter ou copier des donn\u00e9es ;<br data-start=\"3812\" data-end=\"3815\" \/>b) tenter de d\u00e9compiler, d\u00e9sassembler ou r\u00e9troconcevoir le logiciel ;<br data-start=\"3884\" data-end=\"3887\" \/>c) utiliser la Plateforme \u00e0 des fins ill\u00e9gales ou en violation des lois locales, nationales ou internationales ;<br data-start=\"3999\" data-end=\"4002\" \/>d) contourner, endommager ou interf\u00e9rer avec les dispositifs de s\u00e9curit\u00e9 de la Plateforme ;<br data-start=\"4093\" data-end=\"4096\" \/>e) modifier, adapter ou cr\u00e9er des \u0153uvres d\u00e9riv\u00e9es bas\u00e9es sur la Plateforme ;<br data-start=\"4172\" data-end=\"4175\" \/>f) perturber la Plateforme, ses serveurs ou sa connexion r\u00e9seau.<\/p>\n<hr data-start=\"4243\" data-end=\"4246\" \/>\n<h3 data-start=\"4248\" data-end=\"4294\"><strong data-start=\"4252\" data-end=\"4292\">6. Garantie et droit de r\u00e9tractation<\/strong><\/h3>\n<p data-start=\"4296\" data-end=\"4400\">6.1 Les dispositions l\u00e9gales relatives \u00e0 la garantie s\u2019appliquent entre l\u2019Utilisateur et la Fondation.<\/p>\n<p data-start=\"4402\" data-end=\"4494\">6.2 Le <strong data-start=\"4409\" data-end=\"4434\">d\u00e9lai de r\u00e9tractation<\/strong> est de <strong data-start=\"4442\" data-end=\"4454\">14 jours<\/strong> \u00e0 compter de la formation du contrat.<\/p>\n<p data-start=\"4496\" data-end=\"4682\">6.3 Pour exercer ce droit, l\u2019Utilisateur doit notifier son intention via un <strong data-start=\"4572\" data-end=\"4591\">message clair \u00e0<\/strong> : <strong data-start=\"4594\" data-end=\"4627\"><a class=\"decorated-link cursor-pointer\" rel=\"noopener\" data-start=\"4596\" data-end=\"4625\">e-learning@collegioeuropeo.it<\/a><\/strong>. La Fondation enverra une confirmation de r\u00e9ception.<\/p>\n<p data-start=\"4684\" data-end=\"4815\">6.4 <strong data-start=\"4688\" data-end=\"4701\">Exception<\/strong> : le droit de r\u00e9tractation <strong data-start=\"4729\" data-end=\"4750\">ne s\u2019applique pas<\/strong> si l\u2019Utilisateur a d\u00e9j\u00e0 acc\u00e9d\u00e9, en tout ou partie, aux vid\u00e9os.<\/p>\n<hr data-start=\"4817\" data-end=\"4820\" \/>\n<h3 data-start=\"4822\" data-end=\"4866\"><strong data-start=\"4826\" data-end=\"4864\">7. Droit applicable et juridiction<\/strong><\/h3>\n<p data-start=\"4868\" data-end=\"5090\">7.1 Les Conditions G\u00e9n\u00e9rales et tout accord avec la Fondation sont r\u00e9gis <strong data-start=\"4941\" data-end=\"4979\">exclusivement par le droit italien<\/strong>, sauf pour la Convention sur les contrats de vente internationale et le droit international priv\u00e9 pertinent.<\/p>\n<p data-start=\"5092\" data-end=\"5469\">7.2 Le <strong data-start=\"5099\" data-end=\"5120\">Tribunal de Parme<\/strong> a comp\u00e9tence pour les litiges li\u00e9s aux relations contractuelles, sans pr\u00e9judice du droit de l\u2019Utilisateur d\u2019agir devant toute autre juridiction comp\u00e9tente. Pour les Utilisateurs domicili\u00e9s en Italie, la juridiction d\u00e9pend du lieu de domicile, r\u00e9sidence habituelle ou travail. Pour les non-r\u00e9sidents italiens, la juridiction pertinente s\u2019applique.<\/p>\n<hr data-start=\"5471\" data-end=\"5474\" \/>\n<h3 data-start=\"5476\" data-end=\"5509\"><strong data-start=\"5480\" data-end=\"5507\">8. Dispositions finales<\/strong><\/h3>\n<p data-start=\"5511\" data-end=\"5738\">8.1 Si une disposition est invalide, cela <strong data-start=\"5553\" data-end=\"5582\">n\u2019affecte pas la validit\u00e9<\/strong> des autres dispositions. La disposition invalide sera remplac\u00e9e par une disposition <strong data-start=\"5667\" data-end=\"5723\">valide et proche de l\u2019intention \u00e9conomique originale<\/strong> des parties.<\/p>\n","protected":false},"excerpt":{"rendered":"<p>Conditions G\u00e9n\u00e9rales 1. Champ d\u2019application 1.1 La Fondazione Collegio Europeo di Parma, dont le si\u00e8ge est situ\u00e9 Strada dell\u2019Universit\u00e0 12 \u2013 43121 Parme (PR), Italie, propose une plateforme en ligne sous le domaine www.europeancollege.it pour acc\u00e9der \u00e0 des vid\u00e9os de formation et du mat\u00e9riel e-learning (ci-apr\u00e8s d\u00e9nomm\u00e9e la \u00ab Plateforme \u00bb). 1.2 Les pr\u00e9sentes CONDITIONS [&hellip;]<\/p>\n","protected":false},"author":1,"featured_media":0,"parent":0,"menu_order":0,"comment_status":"closed","ping_status":"closed","template":"page-cookie-policy.php","meta":{"footnotes":""},"class_list":["post-9809","page","type-page","status-publish","hentry"],"translation":{"provider":"WPGlobus","version":"2.10.10","language":"fr","enabled_languages":["it","en","fr"],"languages":{"it":{"title":true,"content":true,"excerpt":false},"en":{"title":true,"content":true,"excerpt":false},"fr":{"title":true,"content":true,"excerpt":false}}},"acf":[],"_links":{"self":[{"href":"https:\/\/www.europeancollege.it\/fr\/wp-json\/wp\/v2\/pages\/9809","targetHints":{"allow":["GET"]}}],"collection":[{"href":"https:\/\/www.europeancollege.it\/fr\/wp-json\/wp\/v2\/pages"}],"about":[{"href":"https:\/\/www.europeancollege.it\/fr\/wp-json\/wp\/v2\/types\/page"}],"author":[{"embeddable":true,"href":"https:\/\/www.europeancollege.it\/fr\/wp-json\/wp\/v2\/users\/1"}],"replies":[{"embeddable":true,"href":"https:\/\/www.europeancollege.it\/fr\/wp-json\/wp\/v2\/comments?post=9809"}],"version-history":[{"count":3,"href":"https:\/\/www.europeancollege.it\/fr\/wp-json\/wp\/v2\/pages\/9809\/revisions"}],"predecessor-version":[{"id":10323,"href":"https:\/\/www.europeancollege.it\/fr\/wp-json\/wp\/v2\/pages\/9809\/revisions\/10323"}],"wp:attachment":[{"href":"https:\/\/www.europeancollege.it\/fr\/wp-json\/wp\/v2\/media?parent=9809"}],"curies":[{"name":"wp","href":"https:\/\/api.w.org\/{rel}","templated":true}]}}